{"id":1805,"date":"2019-03-24T19:33:59","date_gmt":"2019-03-24T19:33:59","guid":{"rendered":"http:\/\/www.mindflow-coaching.com\/?page_id=1805"},"modified":"2020-07-14T20:40:17","modified_gmt":"2020-07-14T20:40:17","slug":"kurse","status":"publish","type":"page","link":"https:\/\/www.mindflow-coaching.com\/?page_id=1805","title":{"rendered":"Kurse"},"content":{"rendered":"\t\t<div data-elementor-type=\"wp-post\" data-elementor-id=\"1805\" class=\"elementor elementor-1805\" data-elementor-settings=\"[]\">\n\t\t\t\t\t\t<div class=\"elementor-inner\">\n\t\t\t\t\t\t\t<div class=\"elementor-section-wrap\">\n\t\t\t\t\t\t\t<section class=\"elementor-section elementor-top-section elementor-element elementor-element-421b525 elementor-section-stretched elementor-section-boxed elementor-section-height-default elementor-section-height-default\" data-id=\"421b525\" data-element_type=\"section\" data-settings=\"{&quot;stretch_section&quot;:&quot;section-stretched&quot;}\">\n\t\t\t\t\t\t<div class=\"elementor-container elementor-column-gap-extended\">\n\t\t\t\t\t\t\t<div class=\"elementor-row\">\n\t\t\t\t\t<div class=\"elementor-column elementor-col-100 elementor-top-column elementor-element elementor-element-01225a0\" data-id=\"01225a0\" data-element_type=\"column\">\n\t\t\t<div class=\"elementor-column-wrap elementor-element-populated\">\n\t\t\t\t\t\t\t<div class=\"elementor-widget-wrap\">\n\t\t\t\t\t\t<div class=\"elementor-element elementor-element-a378c3f elementor-widget elementor-widget-jet-portfolio\" data-id=\"a378c3f\" data-element_type=\"widget\" data-widget_type=\"jet-portfolio.default\">\n\t\t\t\t<div class=\"elementor-widget-container\">\n\t\t\t<div class=\"elementor-jet-portfolio jet-elements\">\n<div class=\"jet-portfolio layout-type-list preset-type-2\" data-settings=\"{&quot;layoutType&quot;:&quot;list&quot;,&quot;columns&quot;:&quot;4&quot;,&quot;columnsTablet&quot;:&quot;&quot;,&quot;columnsMobile&quot;:&quot;1&quot;,&quot;perPage&quot;:3}\"><div class=\"jet-portfolio__filter\"><div class=\"jet-portfolio__filter-list\"><div class=\"jet-portfolio__filter-item active\" data-slug=\"all\"><span>All<\/span><\/div><i class=\"jet-portfolio__filter-item-separator fa fa-heart-o\"><\/i><div class=\"jet-portfolio__filter-item\" data-slug=\"kursangebot\"><span>Kursangebot<\/span><\/div><\/div><\/div><div class=\"jet-portfolio__list\"><article class=\"jet-portfolio__item visible-status\" data-slug=\"{&quot;0&quot;:&quot;all&quot;,&quot;1&quot;:&quot;kursangebot&quot;}\">\n\t<div class=\"jet-portfolio__inner\">\n\t\t<a class=\"jet-portfolio__link \" href=\"http:\/\/www.mindflow-coaching.com\/wp-content\/uploads\/2020\/07\/2020_06_22_Mindflow_Larissa_Kranisch_NUM5745_RGB_1_0-Kopie-scaled.jpg\" data-elementor-open-lightbox=\"yes\">\n\t\t\t<div class=\"jet-portfolio__image\">\n\t\t\t\t<img loading=\"lazy\" class=\"jet-portfolio__image-instance\" src=\"https:\/\/www.mindflow-coaching.com\/wp-content\/uploads\/2020\/07\/2020_06_22_Mindflow_Larissa_Kranisch_NUM5745_RGB_1_0-Kopie-scaled.jpg\" width=\"1920\" height=\"2560\"  alt=\"2020_06_22_Mindflow_Larissa_Kranisch_NUM5745_RGB_1_0 Kopie\">\t\t\t\t<div class=\"jet-portfolio__image-loader\"><span><\/span><\/div>\n\t\t\t\t<div class=\"jet-portfolio__cover\"><i class=\"fa fa-tags\"><\/i><\/div>\n\t\t\t<\/div>\n\t\t<\/a>\n\t\t<div class=\"jet-portfolio__content\">\n\t\t\t<div class=\"jet-portfolio__content-inner\"><h4 class=\"jet-portfolio__title\">Coaching<\/h4><p class=\"jet-portfolio__desc\">\nSt\u00e4rken st\u00e4rken, Karriere Coaching, Burn-Out- &, Stresspr\u00e4vention, Konflikt Coaching, Entscheidungsfindung, dein ganz pers\u00f6nliches Thema\n\n<\/p><a class=\"elementor-button elementor-size-md jet-portfolio__button\" href=\"https:\/\/www.mindflow-coaching.com\/?page_id=1745\"><span class=\"jet-portfolio__button-text\">More<\/span><\/a><\/div>\n\t\t<\/div>\n\t<\/div>\n<\/article><article class=\"jet-portfolio__item visible-status\" data-slug=\"{&quot;0&quot;:&quot;all&quot;,&quot;1&quot;:&quot;kursangebot&quot;}\">\n\t<div class=\"jet-portfolio__inner\">\n\t\t<a class=\"jet-portfolio__link \" href=\"http:\/\/www.mindflow-coaching.com\/wp-content\/uploads\/2019\/05\/Bouldern_-41.jpg\" data-elementor-open-lightbox=\"yes\">\n\t\t\t<div class=\"jet-portfolio__image\">\n\t\t\t\t<img loading=\"lazy\" class=\"jet-portfolio__image-instance\" src=\"https:\/\/www.mindflow-coaching.com\/wp-content\/uploads\/2019\/05\/Bouldern_-41.jpg\" width=\"5268\" height=\"3517\"  alt=\"Bouldern_-41\">\t\t\t\t<div class=\"jet-portfolio__image-loader\"><span><\/span><\/div>\n\t\t\t\t<div class=\"jet-portfolio__cover\"><i class=\"fa fa-tags\"><\/i><\/div>\n\t\t\t<\/div>\n\t\t<\/a>\n\t\t<div class=\"jet-portfolio__content\">\n\t\t\t<div class=\"jet-portfolio__content-inner\"><h4 class=\"jet-portfolio__title\">Workshops & Trainings<\/h4><p class=\"jet-portfolio__desc\">\n\nTeam Events, Teambuilding Events, Personalentwicklung, F\u00fchrungskr\u00e4fte Trainings\n\n<\/p><a class=\"elementor-button elementor-size-md jet-portfolio__button\" href=\"https:\/\/www.mindflow-coaching.com\/?page_id=1744\"><span class=\"jet-portfolio__button-text\">More<\/span><\/a><\/div>\n\t\t<\/div>\n\t<\/div>\n<\/article><article class=\"jet-portfolio__item visible-status\" data-slug=\"{&quot;0&quot;:&quot;all&quot;,&quot;1&quot;:&quot;kursangebot&quot;}\">\n\t<div class=\"jet-portfolio__inner\">\n\t\t<a class=\"jet-portfolio__link \" href=\"http:\/\/www.mindflow-coaching.com\/wp-content\/uploads\/2020\/07\/2020_06_22_Mindflow_Larissa_Kranisch_NUM5701_RGB_1_0-Kopie-scaled.jpg\" data-elementor-open-lightbox=\"yes\">\n\t\t\t<div class=\"jet-portfolio__image\">\n\t\t\t\t<img loading=\"lazy\" class=\"jet-portfolio__image-instance\" src=\"https:\/\/www.mindflow-coaching.com\/wp-content\/uploads\/2020\/07\/2020_06_22_Mindflow_Larissa_Kranisch_NUM5701_RGB_1_0-Kopie-scaled.jpg\" width=\"2560\" height=\"1970\"  alt=\"2020_06_22_Mindflow_Larissa_Kranisch_NUM5701_RGB_1_0 Kopie\">\t\t\t\t<div class=\"jet-portfolio__image-loader\"><span><\/span><\/div>\n\t\t\t\t<div class=\"jet-portfolio__cover\"><i class=\"fa fa-tags\"><\/i><\/div>\n\t\t\t<\/div>\n\t\t<\/a>\n\t\t<div class=\"jet-portfolio__content\">\n\t\t\t<div class=\"jet-portfolio__content-inner\"><h4 class=\"jet-portfolio__title\">Bouldern<\/h4><p class=\"jet-portfolio__desc\">Einsteiger Kurse, Next Level Kurse, Einzel Training, Gruppen Training, Bouldern gegen Depression, therapeutisches Bouldern\n\n<\/p><a class=\"elementor-button elementor-size-md jet-portfolio__button\" href=\"https:\/\/www.mindflow-coaching.com\/?page_id=1742\"><span class=\"jet-portfolio__button-text\">More<\/span><\/a><\/div>\n\t\t<\/div>\n\t<\/div>\n<\/article><article class=\"jet-portfolio__item visible-status\" data-slug=\"{&quot;0&quot;:&quot;all&quot;,&quot;1&quot;:&quot;kursangebot&quot;}\">\n\t<div class=\"jet-portfolio__inner\">\n\t\t<a class=\"jet-portfolio__link \" href=\"http:\/\/www.mindflow-coaching.com\/wp-content\/uploads\/2020\/07\/2020_06_22_Mindflow_Larissa_Kranisch_NUM5531_RGB_1_0-Variante-Kopie.jpg\" data-elementor-open-lightbox=\"yes\">\n\t\t\t<div class=\"jet-portfolio__image\">\n\t\t\t\t<img loading=\"lazy\" class=\"jet-portfolio__image-instance\" src=\"https:\/\/www.mindflow-coaching.com\/wp-content\/uploads\/2020\/07\/2020_06_22_Mindflow_Larissa_Kranisch_NUM5531_RGB_1_0-Variante-Kopie.jpg\" width=\"2339\" height=\"2012\"  alt=\"2020_06_22_Mindflow_Larissa_Kranisch_NUM5531_RGB_1_0 Variante Kopie\">\t\t\t\t<div class=\"jet-portfolio__image-loader\"><span><\/span><\/div>\n\t\t\t\t<div class=\"jet-portfolio__cover\"><i class=\"fa fa-tags\"><\/i><\/div>\n\t\t\t<\/div>\n\t\t<\/a>\n\t\t<div class=\"jet-portfolio__content\">\n\t\t\t<div class=\"jet-portfolio__content-inner\"><h4 class=\"jet-portfolio__title\">Klettern<\/h4><p class=\"jet-portfolio__desc\">Einsteiger Kurse, Next Level Kurse, Eltern- Kind Kurse, Einzel Training, Gruppen Training, therapeutisches Klettern\n\n<\/p><a class=\"elementor-button elementor-size-md jet-portfolio__button\" href=\"https:\/\/www.mindflow-coaching.com\/?page_id=1741\"><span class=\"jet-portfolio__button-text\">More<\/span><\/a><\/div>\n\t\t<\/div>\n\t<\/div>\n<\/article><\/div><\/div>\n<\/div>\t\t<\/div>\n\t\t\t\t<\/div>\n\t\t\t\t\t\t<\/div>\n\t\t\t\t\t<\/div>\n\t\t<\/div>\n\t\t\t\t\t\t\t\t<\/div>\n\t\t\t\t\t<\/div>\n\t\t<\/section>\n\t\t\t\t\t\t<\/div>\n\t\t\t\t\t\t<\/div>\n\t\t\t\t\t<\/div>\n\t\t","protected":false},"excerpt":{"rendered":"<p>AllKursangebot Coaching St\u00e4rken st\u00e4rken, Karriere Coaching, Burn-Out- &#038;, Stresspr\u00e4vention, Konflikt Coaching, Entscheidungsfindung, dein ganz pers\u00f6nliches Thema More Workshops &#038; Trainings Team Events, Teambuilding Events, Personalentwicklung, F\u00fchrungskr\u00e4fte Trainings More Bouldern Einsteiger Kurse, Next Level Kurse, Einzel Training, Gruppen Training, Bouldern gegen Depression, therapeutisches Bouldern More Klettern Einsteiger Kurse, Next Level Kurse, Eltern- Kind Kurse, Einzel Training, Gruppen Training, therapeutisches Klettern More<\/p>\n","protected":false},"author":1,"featured_media":0,"parent":0,"menu_order":0,"comment_status":"closed","ping_status":"closed","template":"","meta":[],"_links":{"self":[{"href":"https:\/\/www.mindflow-coaching.com\/index.php?rest_route=\/wp\/v2\/pages\/1805"}],"collection":[{"href":"https:\/\/www.mindflow-coaching.com\/index.php?rest_route=\/wp\/v2\/pages"}],"about":[{"href":"https:\/\/www.mindflow-coaching.com\/index.php?rest_route=\/wp\/v2\/types\/page"}],"author":[{"embeddable":true,"href":"https:\/\/www.mindflow-coaching.com\/index.php?rest_route=\/wp\/v2\/users\/1"}],"replies":[{"embeddable":true,"href":"https:\/\/www.mindflow-coaching.com\/index.php?rest_route=%2Fwp%2Fv2%2Fcomments&post=1805"}],"version-history":[{"count":55,"href":"https:\/\/www.mindflow-coaching.com\/index.php?rest_route=\/wp\/v2\/pages\/1805\/revisions"}],"predecessor-version":[{"id":2517,"href":"https:\/\/www.mindflow-coaching.com\/index.php?rest_route=\/wp\/v2\/pages\/1805\/revisions\/2517"}],"wp:attachment":[{"href":"https:\/\/www.mindflow-coaching.com\/index.php?rest_route=%2Fwp%2Fv2%2Fmedia&parent=1805"}],"curies":[{"name":"wp","href":"https:\/\/api.w.org\/{rel}","templated":true}]}}