{"id":1745,"date":"2019-03-12T13:29:52","date_gmt":"2019-03-12T13:29:52","guid":{"rendered":"http:\/\/www.mindflow-coaching.com\/?page_id=1745"},"modified":"2021-03-10T18:51:01","modified_gmt":"2021-03-10T18:51:01","slug":"coaching","status":"publish","type":"page","link":"https:\/\/www.mindflow-coaching.com\/?page_id=1745","title":{"rendered":"Coaching"},"content":{"rendered":"\t\t<div data-elementor-type=\"wp-post\" data-elementor-id=\"1745\" class=\"elementor elementor-1745\" data-elementor-settings=\"[]\">\n\t\t\t\t\t\t<div class=\"elementor-inner\">\n\t\t\t\t\t\t\t<div class=\"elementor-section-wrap\">\n\t\t\t\t\t\t\t<section class=\"elementor-section elementor-top-section elementor-element elementor-element-937b63a elementor-section-boxed elementor-section-height-default elementor-section-height-default\" data-id=\"937b63a\" data-element_type=\"section\">\n\t\t\t\t\t\t<div class=\"elementor-container elementor-column-gap-default\">\n\t\t\t\t\t\t\t<div class=\"elementor-row\">\n\t\t\t\t\t<div class=\"elementor-column elementor-col-100 elementor-top-column elementor-element elementor-element-d03480a\" data-id=\"d03480a\" data-element_type=\"column\">\n\t\t\t<div class=\"elementor-column-wrap elementor-element-populated\">\n\t\t\t\t\t\t\t<div class=\"elementor-widget-wrap\">\n\t\t\t\t\t\t<div class=\"elementor-element elementor-element-0b6c4d4 elementor-widget elementor-widget-image\" data-id=\"0b6c4d4\" data-element_type=\"widget\" data-widget_type=\"image.default\">\n\t\t\t\t<div class=\"elementor-widget-container\">\n\t\t\t\t\t\t\t\t<div class=\"elementor-image\">\n\t\t\t\t\t\t\t\t\t\t\t\t<img width=\"710\" height=\"947\" src=\"https:\/\/www.mindflow-coaching.com\/wp-content\/uploads\/2020\/07\/2020_06_22_Mindflow_Larissa_Kranisch_NUM5745_RGB_1_0-Kopie-768x1024.jpg\" class=\"attachment-medium_large size-medium_large\" alt=\"\" loading=\"lazy\" srcset=\"https:\/\/www.mindflow-coaching.com\/wp-content\/uploads\/2020\/07\/2020_06_22_Mindflow_Larissa_Kranisch_NUM5745_RGB_1_0-Kopie-768x1024.jpg 768w, https:\/\/www.mindflow-coaching.com\/wp-content\/uploads\/2020\/07\/2020_06_22_Mindflow_Larissa_Kranisch_NUM5745_RGB_1_0-Kopie-225x300.jpg 225w, https:\/\/www.mindflow-coaching.com\/wp-content\/uploads\/2020\/07\/2020_06_22_Mindflow_Larissa_Kranisch_NUM5745_RGB_1_0-Kopie-1152x1536.jpg 1152w, https:\/\/www.mindflow-coaching.com\/wp-content\/uploads\/2020\/07\/2020_06_22_Mindflow_Larissa_Kranisch_NUM5745_RGB_1_0-Kopie-1536x2048.jpg 1536w, https:\/\/www.mindflow-coaching.com\/wp-content\/uploads\/2020\/07\/2020_06_22_Mindflow_Larissa_Kranisch_NUM5745_RGB_1_0-Kopie-1060x1413.jpg 1060w, https:\/\/www.mindflow-coaching.com\/wp-content\/uploads\/2020\/07\/2020_06_22_Mindflow_Larissa_Kranisch_NUM5745_RGB_1_0-Kopie-550x733.jpg 550w, https:\/\/www.mindflow-coaching.com\/wp-content\/uploads\/2020\/07\/2020_06_22_Mindflow_Larissa_Kranisch_NUM5745_RGB_1_0-Kopie-375x500.jpg 375w, https:\/\/www.mindflow-coaching.com\/wp-content\/uploads\/2020\/07\/2020_06_22_Mindflow_Larissa_Kranisch_NUM5745_RGB_1_0-Kopie-scaled.jpg 1920w\" sizes=\"(max-width: 710px) 100vw, 710px\" \/>\t\t\t\t\t\t\t\t\t\t\t\t\t\t<\/div>\n\t\t\t\t\t\t<\/div>\n\t\t\t\t<\/div>\n\t\t\t\t\t\t<\/div>\n\t\t\t\t\t<\/div>\n\t\t<\/div>\n\t\t\t\t\t\t\t\t<\/div>\n\t\t\t\t\t<\/div>\n\t\t<\/section>\n\t\t\t\t<section class=\"elementor-section elementor-top-section elementor-element elementor-element-4002168 elementor-section-boxed elementor-section-height-default elementor-section-height-default\" data-id=\"4002168\" data-element_type=\"section\">\n\t\t\t\t\t\t<div class=\"elementor-container elementor-column-gap-default\">\n\t\t\t\t\t\t\t<div class=\"elementor-row\">\n\t\t\t\t\t<div class=\"elementor-column elementor-col-100 elementor-top-column elementor-element elementor-element-1422828\" data-id=\"1422828\" data-element_type=\"column\">\n\t\t\t<div class=\"elementor-column-wrap elementor-element-populated\">\n\t\t\t\t\t\t\t<div class=\"elementor-widget-wrap\">\n\t\t\t\t\t\t<div class=\"elementor-element elementor-element-1403b5d elementor-widget elementor-widget-spacer\" data-id=\"1403b5d\" data-element_type=\"widget\" data-widget_type=\"spacer.default\">\n\t\t\t\t<div class=\"elementor-widget-container\">\n\t\t\t\t\t<div class=\"elementor-spacer\">\n\t\t\t<div class=\"elementor-spacer-inner\"><\/div>\n\t\t<\/div>\n\t\t\t\t<\/div>\n\t\t\t\t<\/div>\n\t\t\t\t\t\t<\/div>\n\t\t\t\t\t<\/div>\n\t\t<\/div>\n\t\t\t\t\t\t\t\t<\/div>\n\t\t\t\t\t<\/div>\n\t\t<\/section>\n\t\t\t\t<section class=\"elementor-section elementor-top-section elementor-element elementor-element-450f829 elementor-section-boxed elementor-section-height-default elementor-section-height-default\" data-id=\"450f829\" data-element_type=\"section\">\n\t\t\t\t\t\t<div class=\"elementor-container elementor-column-gap-default\">\n\t\t\t\t\t\t\t<div class=\"elementor-row\">\n\t\t\t\t\t<div class=\"elementor-column elementor-col-100 elementor-top-column elementor-element elementor-element-d2a7599\" data-id=\"d2a7599\" data-element_type=\"column\">\n\t\t\t<div class=\"elementor-column-wrap elementor-element-populated\">\n\t\t\t\t\t\t\t<div class=\"elementor-widget-wrap\">\n\t\t\t\t\t\t<div class=\"elementor-element elementor-element-a23c909 elementor-widget elementor-widget-heading\" data-id=\"a23c909\" data-element_type=\"widget\" data-widget_type=\"heading.default\">\n\t\t\t\t<div class=\"elementor-widget-container\">\n\t\t\t<h2 class=\"elementor-heading-title elementor-size-default\">Wie Coaching dir weiterhelfen kann<\/h2>\t\t<\/div>\n\t\t\t\t<\/div>\n\t\t\t\t\t\t<\/div>\n\t\t\t\t\t<\/div>\n\t\t<\/div>\n\t\t\t\t\t\t\t\t<\/div>\n\t\t\t\t\t<\/div>\n\t\t<\/section>\n\t\t\t\t<section class=\"elementor-section elementor-top-section elementor-element elementor-element-6038ac0 elementor-section-boxed elementor-section-height-default elementor-section-height-default\" data-id=\"6038ac0\" data-element_type=\"section\">\n\t\t\t\t\t\t<div class=\"elementor-container elementor-column-gap-default\">\n\t\t\t\t\t\t\t<div class=\"elementor-row\">\n\t\t\t\t\t<div class=\"elementor-column elementor-col-100 elementor-top-column elementor-element elementor-element-7246263\" data-id=\"7246263\" data-element_type=\"column\">\n\t\t\t<div class=\"elementor-column-wrap elementor-element-populated\">\n\t\t\t\t\t\t\t<div class=\"elementor-widget-wrap\">\n\t\t\t\t\t\t<div class=\"elementor-element elementor-element-15ba26b elementor-widget elementor-widget-spacer\" data-id=\"15ba26b\" data-element_type=\"widget\" data-widget_type=\"spacer.default\">\n\t\t\t\t<div class=\"elementor-widget-container\">\n\t\t\t\t\t<div class=\"elementor-spacer\">\n\t\t\t<div class=\"elementor-spacer-inner\"><\/div>\n\t\t<\/div>\n\t\t\t\t<\/div>\n\t\t\t\t<\/div>\n\t\t\t\t\t\t<\/div>\n\t\t\t\t\t<\/div>\n\t\t<\/div>\n\t\t\t\t\t\t\t\t<\/div>\n\t\t\t\t\t<\/div>\n\t\t<\/section>\n\t\t\t\t<section class=\"elementor-section elementor-top-section elementor-element elementor-element-f77ae2e elementor-section-boxed elementor-section-height-default elementor-section-height-default\" data-id=\"f77ae2e\" data-element_type=\"section\" data-settings=\"{&quot;background_background&quot;:&quot;classic&quot;}\">\n\t\t\t\t\t\t<div class=\"elementor-container elementor-column-gap-default\">\n\t\t\t\t\t\t\t<div class=\"elementor-row\">\n\t\t\t\t\t<div class=\"elementor-column elementor-col-100 elementor-top-column elementor-element elementor-element-021f628\" data-id=\"021f628\" data-element_type=\"column\">\n\t\t\t<div class=\"elementor-column-wrap elementor-element-populated\">\n\t\t\t\t\t\t\t<div class=\"elementor-widget-wrap\">\n\t\t\t\t\t\t<div class=\"elementor-element elementor-element-978c091 elementor-widget elementor-widget-text-editor\" data-id=\"978c091\" data-element_type=\"widget\" data-widget_type=\"text-editor.default\">\n\t\t\t\t<div class=\"elementor-widget-container\">\n\t\t\t\t\t\t\t\t<div class=\"elementor-text-editor elementor-clearfix\">\n\t\t\t\t<p>Der <b>Beruf<\/b> ist ein ma\u00dfgeblicher Bestandteil und zentraler Drehpunkt des Lebens. Vermutlich verbringen wir sogar mehr Zeit mit Kollegen und Kunden, als mit unserer Familie und Freunden. Aus diesem Grund sollte der eigene Beruf bestm\u00f6glich an die Bed\u00fcrfnisse und Talente einer Person angepasst sein.<\/p><p>Die Bedeutung von Coaching im Bereich der Karriere-Beratung steigt mit den stark wachsenden M\u00f6glichkeiten innerhalb der Berufswahl stetig an. Die Berufswahl als solches hat sich ver\u00e4ndert. Einflussnehmer sind nun nicht mehr nur die Eltern, oder andere, allgemeine Autorit\u00e4tspersonen &#8211; wir treffen unsere eigene Entscheidung ganz nach dem Prinzip: Wer die Wahl hat, hat die Qual.<\/p><p>So kommt es mittlerweile auch immer h\u00e4ufiger vor, dass jemand seine Ausbildung, sein Studium fr\u00fchzeitig abbricht, auf der Suche nach der &#8222;richtigen&#8220; Berufung. bzw. Branche. Oftmals steht man vor der Frage, wie es weitergehen soll oder wie man am besten den n\u00e4chsten Karriere-Schritt wagen soll.<\/p><p>Derartige Entscheidungen m\u00fcssen wir unser ganzes Leben lang treffen. Gro\u00dfe, wie kleine. In manchen Situationen f\u00e4llt es uns aber ganz besonders schwer die augenscheinlich &#8222;richtigste&#8220; aller Entscheidungen zu treffen. Viele Menschen stehen sich dabei selbst im Weg und hadern Tage, Wochen oder auch das ganze Leben lang mit einer einzigen Entscheidung. Unser heutiger Lebensstandard beherbergt eine schier unglaubliche Vielfalt an M\u00f6glichkeiten und Lebenswegen. Alles scheint m\u00f6glich. Und gerade das kann einem die Entscheidung ma\u00dfgeblich erschweren. Im Coaching er\u00f6ffnen wir neue Gedanken und Wege und beziehen dabei unsere Intuition, das oftmals verloren geglaubte Bauchgef\u00fchl, mit ein. Nicht umsonst interessieren sich Psychologen seit neuestem f\u00fcr die Art und Weise WIE wir Entscheidungen treffen.<\/p><p>Derartige Entscheidungsprozesse k\u00f6nnen zu inneren Konflikten werden, die von Betroffenen als unangenehm und energiezehrend empfunden werden. Jeder Konflikt z\u00e4hlt dabei als Verflechtung von Umst\u00e4nden aus der direkten Umgebung: Dem Arbeitsplatz, dem Partner, den sozialen Verpflichtungen, den eigenen Werten und Einstellungen und Verhaltensweisen, die widerum Einfluss auf andere Situationen und Verhaltensweisen nehmen. Konfliktcoaching reflektieren wir gemeinsam \u00fcber das gezeigte Verhalten und die m\u00f6glichen Ursachen und Hintergr\u00fcnde auf der Suche nach einer L\u00f6sung, die den Konflikt in Zukunft ver\u00e4ndert, gemindert oder im besten Fall gar nicht mehr aufkommen l\u00e4sst.<\/p><p>Das am meisten an mich herangetragene Wunschziel im Coaching besch\u00e4ftigt sich allerdings mit dem Wunsch Stress besser abzubauen und das Immunsystem der Seele (Resilienz) bestm\u00f6glich zu st\u00e4rken, um derartige, als Stress empfundene Konflikte, erst gar nicht an sich heranzulassen. Mance meiner Coachees werden von ihrem Umfeld als zunehmend gestresst empfunden und auch Haus\u00e4rzte sprechen nicht selten eine auffallende Stresssymptomatik an. Viele verwechseln eine solche Andeutung allerdings mit der Begrifflichkeit &#8222;Burn Out&#8220;. Ich m\u00f6chte an dieser Stelle aber erw\u00e4hnt wissen, dass eine solche Einordnung nicht leichtfertig getroffen werden und daher sorgf\u00e4ltig auf entsprechende Kriterien hin untersucht werden sollte. Burn Out stellt ein Spezialthema im Bereich der Stressbew\u00e4ltigung dar und wird daher auch als solches behandelt.<\/p><p>Viele Menschen, die unter einer Stresssymptomatik leiden, glauben dem anwachsenden Stress nicht mehr gewachsen zu sein und verzweifeln schon bei dem Gedanken daran es auch nur zu versuchen. Stressbew\u00e4ltigung ist nicht leicht. Gerade in der heutigen, sehr schnelllebigen Zeit. Die Bereitschaft zur Eigenreflexion ist daher in einem Stressbew\u00e4ltigungs Coaching unabdingbar. Hier werden individuelle Stress ausl\u00f6sende Muster beleuchtet, benannt und im Anschluss Strategien entwickelt, um den Weg zur\u00fcck zur Entspannung zu finden.<\/p>\t\t\t\t\t<\/div>\n\t\t\t\t\t\t<\/div>\n\t\t\t\t<\/div>\n\t\t\t\t\t\t<\/div>\n\t\t\t\t\t<\/div>\n\t\t<\/div>\n\t\t\t\t\t\t\t\t<\/div>\n\t\t\t\t\t<\/div>\n\t\t<\/section>\n\t\t\t\t<section class=\"elementor-section elementor-top-section elementor-element elementor-element-3329ddb9 elementor-section-boxed elementor-section-height-default elementor-section-height-default\" data-id=\"3329ddb9\" data-element_type=\"section\">\n\t\t\t\t\t\t<div class=\"elementor-container elementor-column-gap-default\">\n\t\t\t\t\t\t\t<div class=\"elementor-row\">\n\t\t\t\t\t<div class=\"elementor-column elementor-col-100 elementor-top-column elementor-element elementor-element-6b26b46d\" data-id=\"6b26b46d\" data-element_type=\"column\">\n\t\t\t<div class=\"elementor-column-wrap elementor-element-populated\">\n\t\t\t\t\t\t\t<div class=\"elementor-widget-wrap\">\n\t\t\t\t\t\t<div class=\"elementor-element elementor-element-44d270a1 elementor-widget elementor-widget-heading\" data-id=\"44d270a1\" data-element_type=\"widget\" data-widget_type=\"heading.default\">\n\t\t\t\t<div class=\"elementor-widget-container\">\n\t\t\t<h2 class=\"elementor-heading-title elementor-size-large\">Coaching Themen<\/h2>\t\t<\/div>\n\t\t\t\t<\/div>\n\t\t\t\t<div class=\"elementor-element elementor-element-7c35ed7a elementor-widget elementor-widget-text-editor\" data-id=\"7c35ed7a\" data-element_type=\"widget\" data-widget_type=\"text-editor.default\">\n\t\t\t\t<div class=\"elementor-widget-container\">\n\t\t\t\t\t\t\t\t<div class=\"elementor-text-editor elementor-clearfix\">\n\t\t\t\t<p>Qualit\u00e4t geht vor Quantit\u00e4t. Ganz gleich welches Thema dich besch\u00e4ftigt und welche Richtung du einschlagen m\u00f6chtest &#8211; ich nehme mir Zeit f\u00fcr dich und dein Anliegen und begebe mich gemeinsam mit dir auf die Suche nach dem f\u00fcr <b>dich<\/b> richtigen L\u00f6sungsansatz. <\/p><p>Dein aktuelles Thema ist nicht dabei? Dann schreibe mir gerne eine Nachricht mit deinem pers\u00f6nlichen Wunschthema.<\/p>\t\t\t\t\t<\/div>\n\t\t\t\t\t\t<\/div>\n\t\t\t\t<\/div>\n\t\t\t\t<section class=\"elementor-section elementor-inner-section elementor-element elementor-element-5e8cbbc5 elementor-section-height-min-height elementor-section-content-bottom elementor-section-boxed elementor-section-height-default\" data-id=\"5e8cbbc5\" data-element_type=\"section\">\n\t\t\t\t\t\t<div class=\"elementor-container elementor-column-gap-wider\">\n\t\t\t\t\t\t\t<div class=\"elementor-row\">\n\t\t\t\t\t<div class=\"elementor-column elementor-col-33 elementor-inner-column elementor-element elementor-element-25028c89\" data-id=\"25028c89\" data-element_type=\"column\" data-settings=\"{&quot;background_background&quot;:&quot;classic&quot;}\">\n\t\t\t<div class=\"elementor-column-wrap elementor-element-populated\">\n\t\t\t\t\t\t\t<div class=\"elementor-widget-wrap\">\n\t\t\t\t\t\t<div class=\"elementor-element elementor-element-44dd09bc elementor-widget elementor-widget-heading\" data-id=\"44dd09bc\" data-element_type=\"widget\" data-widget_type=\"heading.default\">\n\t\t\t\t<div class=\"elementor-widget-container\">\n\t\t\t<h3 class=\"elementor-heading-title elementor-size-large\"><a href=\"https:\/\/www.mindflow-coaching.com\/?page_id=959\">St\u00e4rken st\u00e4rken<br><br>Karriere Coaching<br><br>Konflikt Coaching<\/a><\/h3>\t\t<\/div>\n\t\t\t\t<\/div>\n\t\t\t\t\t\t<\/div>\n\t\t\t\t\t<\/div>\n\t\t<\/div>\n\t\t\t\t<div class=\"elementor-column elementor-col-33 elementor-inner-column elementor-element elementor-element-735855b2\" data-id=\"735855b2\" data-element_type=\"column\" data-settings=\"{&quot;background_background&quot;:&quot;classic&quot;}\">\n\t\t\t<div class=\"elementor-column-wrap elementor-element-populated\">\n\t\t\t\t\t\t\t<div class=\"elementor-widget-wrap\">\n\t\t\t\t\t\t<div class=\"elementor-element elementor-element-14dbf946 elementor-widget elementor-widget-heading\" data-id=\"14dbf946\" data-element_type=\"widget\" data-widget_type=\"heading.default\">\n\t\t\t\t<div class=\"elementor-widget-container\">\n\t\t\t<h3 class=\"elementor-heading-title elementor-size-large\"><a href=\"https:\/\/www.mindflow-coaching.com\/?page_id=959\">Burn- Out &amp; Stresspr\u00e4ven-tion<\/a><\/h3>\t\t<\/div>\n\t\t\t\t<\/div>\n\t\t\t\t\t\t<\/div>\n\t\t\t\t\t<\/div>\n\t\t<\/div>\n\t\t\t\t<div class=\"elementor-column elementor-col-33 elementor-inner-column elementor-element elementor-element-2c4219d\" data-id=\"2c4219d\" data-element_type=\"column\" data-settings=\"{&quot;background_background&quot;:&quot;classic&quot;}\">\n\t\t\t<div class=\"elementor-column-wrap elementor-element-populated\">\n\t\t\t\t\t\t\t<div class=\"elementor-widget-wrap\">\n\t\t\t\t\t\t<div class=\"elementor-element elementor-element-578da455 elementor-widget elementor-widget-heading\" data-id=\"578da455\" data-element_type=\"widget\" data-widget_type=\"heading.default\">\n\t\t\t\t<div class=\"elementor-widget-container\">\n\t\t\t<h3 class=\"elementor-heading-title elementor-size-large\"><a href=\"https:\/\/www.mindflow-coaching.com\/?page_id=959\">Entscheidungs-findung<br><br>Dein ganz pers\u00f6nliches Thema<\/a><\/h3>\t\t<\/div>\n\t\t\t\t<\/div>\n\t\t\t\t\t\t<\/div>\n\t\t\t\t\t<\/div>\n\t\t<\/div>\n\t\t\t\t\t\t\t\t<\/div>\n\t\t\t\t\t<\/div>\n\t\t<\/section>\n\t\t\t\t\t\t<\/div>\n\t\t\t\t\t<\/div>\n\t\t<\/div>\n\t\t\t\t\t\t\t\t<\/div>\n\t\t\t\t\t<\/div>\n\t\t<\/section>\n\t\t\t\t\t\t<\/div>\n\t\t\t\t\t\t<\/div>\n\t\t\t\t\t<\/div>\n\t\t","protected":false},"excerpt":{"rendered":"<p>Wie Coaching dir weiterhelfen kann Der Beruf ist ein ma\u00dfgeblicher Bestandteil und zentraler Drehpunkt des Lebens. Vermutlich verbringen wir sogar mehr Zeit mit Kollegen und Kunden, als mit unserer Familie und Freunden. Aus diesem Grund sollte der eigene Beruf bestm\u00f6glich an die Bed\u00fcrfnisse und Talente einer Person angepasst sein. Die Bedeutung von Coaching im Bereich der Karriere-Beratung steigt mit den stark wachsenden M\u00f6glichkeiten innerhalb der&#8230; <\/p>\n<p class=\"more\"><a class=\"more-link\" href=\"https:\/\/www.mindflow-coaching.com\/?page_id=1745\">Read More<\/a><\/p>\n","protected":false},"author":1,"featured_media":0,"parent":1436,"menu_order":0,"comment_status":"closed","ping_status":"closed","template":"","meta":[],"_links":{"self":[{"href":"https:\/\/www.mindflow-coaching.com\/index.php?rest_route=\/wp\/v2\/pages\/1745"}],"collection":[{"href":"https:\/\/www.mindflow-coaching.com\/index.php?rest_route=\/wp\/v2\/pages"}],"about":[{"href":"https:\/\/www.mindflow-coaching.com\/index.php?rest_route=\/wp\/v2\/types\/page"}],"author":[{"embeddable":true,"href":"https:\/\/www.mindflow-coaching.com\/index.php?rest_route=\/wp\/v2\/users\/1"}],"replies":[{"embeddable":true,"href":"https:\/\/www.mindflow-coaching.com\/index.php?rest_route=%2Fwp%2Fv2%2Fcomments&post=1745"}],"version-history":[{"count":43,"href":"https:\/\/www.mindflow-coaching.com\/index.php?rest_route=\/wp\/v2\/pages\/1745\/revisions"}],"predecessor-version":[{"id":2715,"href":"https:\/\/www.mindflow-coaching.com\/index.php?rest_route=\/wp\/v2\/pages\/1745\/revisions\/2715"}],"up":[{"embeddable":true,"href":"https:\/\/www.mindflow-coaching.com\/index.php?rest_route=\/wp\/v2\/pages\/1436"}],"wp:attachment":[{"href":"https:\/\/www.mindflow-coaching.com\/index.php?rest_route=%2Fwp%2Fv2%2Fmedia&parent=1745"}],"curies":[{"name":"wp","href":"https:\/\/api.w.org\/{rel}","templated":true}]}}